{"id":22,"date":"2020-12-08T03:53:35","date_gmt":"2020-12-08T03:53:35","guid":{"rendered":"https:\/\/gaviaspreview.com\/wp\/conult\/?page_id=22"},"modified":"2025-09-19T08:36:13","modified_gmt":"2025-09-19T11:36:13","slug":"contato","status":"publish","type":"page","link":"https:\/\/rotuladorasleeve.com.br\/index.php\/contato\/","title":{"rendered":"Contato"},"content":{"rendered":"\t\t<div data-elementor-type=\"wp-page\" data-elementor-id=\"22\" class=\"elementor elementor-22\">\n\t\t\t\t\t\t<section class=\"elementor-section elementor-top-section elementor-element elementor-element-cc8af21 elementor-section-boxed elementor-section-height-default elementor-section-height-default\" data-id=\"cc8af21\" data-element_type=\"section\" data-settings=\"{&quot;background_background&quot;:&quot;slideshow&quot;,&quot;background_slideshow_gallery&quot;:[{&quot;id&quot;:1203,&quot;url&quot;:&quot;https:\\\/\\\/gaviaspreview.com\\\/wp\\\/conult\\\/wp-content\\\/uploads\\\/2021\\\/12\\\/bg-9.jpg&quot;},{&quot;id&quot;:1008,&quot;url&quot;:&quot;https:\\\/\\\/gaviaspreview.com\\\/wp\\\/conult\\\/wp-content\\\/uploads\\\/2021\\\/10\\\/breadcrumb.jpg&quot;}],&quot;background_slideshow_ken_burns&quot;:&quot;yes&quot;,&quot;background_slideshow_loop&quot;:&quot;yes&quot;,&quot;background_slideshow_slide_duration&quot;:5000,&quot;background_slideshow_slide_transition&quot;:&quot;fade&quot;,&quot;background_slideshow_transition_duration&quot;:500,&quot;background_slideshow_ken_burns_zoom_direction&quot;:&quot;in&quot;}\">\n\t\t\t\t\t\t<div class=\"elementor-container elementor-column-gap-default\">\n\t\t\t\t\t<div class=\"elementor-column elementor-col-100 elementor-top-column elementor-element elementor-element-1081aa2\" data-id=\"1081aa2\" data-element_type=\"column\">\n\t\t\t<div class=\"elementor-widget-wrap\">\n\t\t\t\t\t\t\t<\/div>\n\t\t<\/div>\n\t\t\t\t\t<\/div>\n\t\t<\/section>\n\t\t\t\t<section class=\"elementor-section elementor-top-section elementor-element elementor-element-c1693dd elementor-section-boxed elementor-section-height-default elementor-section-height-default\" data-id=\"c1693dd\" data-element_type=\"section\">\n\t\t\t\t\t\t<div class=\"elementor-container elementor-column-gap-default\">\n\t\t\t\t\t<div class=\"elementor-column elementor-col-100 elementor-top-column elementor-element elementor-element-d9c1fa7\" data-id=\"d9c1fa7\" data-element_type=\"column\">\n\t\t\t<div class=\"elementor-widget-wrap elementor-element-populated\">\n\t\t\t\t\t\t<div class=\"elementor-element elementor-element-18ac17d elementor-widget elementor-widget-google_maps\" data-id=\"18ac17d\" data-element_type=\"widget\" data-widget_type=\"google_maps.default\">\n\t\t\t\t\t\t\t<div class=\"elementor-custom-embed\">\n\t\t\t<iframe loading=\"lazy\"\n\t\t\t\t\tsrc=\"https:\/\/maps.google.com\/maps?q=imek&#038;t=m&#038;z=10&#038;output=embed&#038;iwloc=near\"\n\t\t\t\t\ttitle=\"imek\"\n\t\t\t\t\taria-label=\"imek\"\n\t\t\t><\/iframe>\n\t\t<\/div>\n\t\t\t\t\t\t<\/div>\n\t\t\t\t\t<\/div>\n\t\t<\/div>\n\t\t\t\t\t<\/div>\n\t\t<\/section>\n\t\t\t\t<section class=\"elementor-section elementor-top-section elementor-element elementor-element-58d10fa elementor-section-boxed elementor-section-height-default elementor-section-height-default\" data-id=\"58d10fa\" data-element_type=\"section\">\n\t\t\t\t\t\t<div class=\"elementor-container elementor-column-gap-default\">\n\t\t\t\t\t<div class=\"elementor-column elementor-col-100 elementor-top-column elementor-element elementor-element-29ee6a3\" data-id=\"29ee6a3\" data-element_type=\"column\">\n\t\t\t<div class=\"elementor-widget-wrap elementor-element-populated\">\n\t\t\t\t\t\t<div class=\"elementor-element elementor-element-982e95a elementor-widget elementor-widget-button\" data-id=\"982e95a\" data-element_type=\"widget\" data-widget_type=\"button.default\">\n\t\t\t\t\t\t\t\t\t\t<a class=\"elementor-button elementor-button-link elementor-size-sm\" href=\"https:\/\/wa.me\/5514991142704\">\n\t\t\t\t\t\t<span class=\"elementor-button-content-wrapper\">\n\t\t\t\t\t\t<span class=\"elementor-button-icon\">\n\t\t\t\t<i aria-hidden=\"true\" class=\"fab fa-whatsapp\"><\/i>\t\t\t<\/span>\n\t\t\t\t\t\t\t\t\t<span class=\"elementor-button-text\">CONTATO WHATSAPP<\/span>\n\t\t\t\t\t<\/span>\n\t\t\t\t\t<\/a>\n\t\t\t\t\t\t\t\t<\/div>\n\t\t\t\t<div class=\"elementor-element elementor-element-2a67e5e elementor-widget elementor-widget-heading\" data-id=\"2a67e5e\" data-element_type=\"widget\" data-widget_type=\"heading.default\">\n\t\t\t\t\t<h2 class=\"elementor-heading-title elementor-size-default\"><a href=\"https:\/\/wa.me\/5514991142704\">+55 (14) 99114-2704<\/a><\/h2>\t\t\t\t<\/div>\n\t\t\t\t\t<\/div>\n\t\t<\/div>\n\t\t\t\t\t<\/div>\n\t\t<\/section>\n\t\t\t\t<section class=\"elementor-section elementor-top-section elementor-element elementor-element-4c28251 elementor-section-boxed elementor-section-height-default elementor-section-height-default\" data-id=\"4c28251\" data-element_type=\"section\">\n\t\t\t\t\t\t<div class=\"elementor-container elementor-column-gap-default\">\n\t\t\t\t\t<div class=\"elementor-column elementor-col-50 elementor-top-column elementor-element elementor-element-3723b0c\" data-id=\"3723b0c\" data-element_type=\"column\">\n\t\t\t<div class=\"elementor-widget-wrap elementor-element-populated\">\n\t\t\t\t\t\t<div class=\"elementor-element elementor-element-e8a390c elementor-widget elementor-widget-heading\" data-id=\"e8a390c\" data-element_type=\"widget\" data-widget_type=\"heading.default\">\n\t\t\t\t\t<h2 class=\"elementor-heading-title elementor-size-default\">Pronto para elevar sua produtividade?<\/h2>\t\t\t\t<\/div>\n\t\t\t\t<section class=\"elementor-section elementor-inner-section elementor-element elementor-element-3a7b401 elementor-section-boxed elementor-section-height-default elementor-section-height-default\" data-id=\"3a7b401\" data-element_type=\"section\">\n\t\t\t\t\t\t<div class=\"elementor-container elementor-column-gap-default\">\n\t\t\t\t\t<div class=\"elementor-column elementor-col-50 elementor-inner-column elementor-element elementor-element-8fc32a7\" data-id=\"8fc32a7\" data-element_type=\"column\">\n\t\t\t<div class=\"elementor-widget-wrap elementor-element-populated\">\n\t\t\t\t\t\t<div class=\"elementor-element elementor-element-a723181 elementor-widget elementor-widget-image\" data-id=\"a723181\" data-element_type=\"widget\" data-widget_type=\"image.default\">\n\t\t\t\t\t\t\t\t\t\t\t\t\t\t\t<img fetchpriority=\"high\" decoding=\"async\" width=\"1829\" height=\"903\" src=\"https:\/\/rotuladorasleeve.com.br\/wp-content\/uploads\/2025\/09\/rotuladora-sleeve-aplicadora-sleeve-tunel-de-encolhimento-sleeve-imek-1.jpg\" class=\"attachment-full size-full wp-image-1627\" alt=\"\" srcset=\"https:\/\/rotuladorasleeve.com.br\/wp-content\/uploads\/2025\/09\/rotuladora-sleeve-aplicadora-sleeve-tunel-de-encolhimento-sleeve-imek-1.jpg 1829w, https:\/\/rotuladorasleeve.com.br\/wp-content\/uploads\/2025\/09\/rotuladora-sleeve-aplicadora-sleeve-tunel-de-encolhimento-sleeve-imek-1-1024x506.jpg 1024w, https:\/\/rotuladorasleeve.com.br\/wp-content\/uploads\/2025\/09\/rotuladora-sleeve-aplicadora-sleeve-tunel-de-encolhimento-sleeve-imek-1-768x379.jpg 768w\" sizes=\"(max-width: 1829px) 100vw, 1829px\" \/>\t\t\t\t\t\t\t\t\t\t\t\t\t\t\t<\/div>\n\t\t\t\t\t<\/div>\n\t\t<\/div>\n\t\t\t\t<div class=\"elementor-column elementor-col-50 elementor-inner-column elementor-element elementor-element-291d273\" data-id=\"291d273\" data-element_type=\"column\">\n\t\t\t<div class=\"elementor-widget-wrap elementor-element-populated\">\n\t\t\t\t\t\t<div class=\"elementor-element elementor-element-1ff829c elementor-widget elementor-widget-text-editor\" data-id=\"1ff829c\" data-element_type=\"widget\" data-widget_type=\"text-editor.default\">\n\t\t\t\t\t\t\t\t\t<p>Fale conosco hoje e pe\u00e7a seu or\u00e7amento sem compromisso ou agende uma demonstra\u00e7\u00e3o gratuita da nossa rotuladora sleeve!<\/p>\t\t\t\t\t\t\t\t<\/div>\n\t\t\t\t\t<\/div>\n\t\t<\/div>\n\t\t\t\t\t<\/div>\n\t\t<\/section>\n\t\t\t\t\t<\/div>\n\t\t<\/div>\n\t\t\t\t<div class=\"elementor-column elementor-col-50 elementor-top-column elementor-element elementor-element-99ff15c\" data-id=\"99ff15c\" data-element_type=\"column\" data-settings=\"{&quot;background_background&quot;:&quot;classic&quot;}\">\n\t\t\t<div class=\"elementor-widget-wrap elementor-element-populated\">\n\t\t\t\t\t\t<div class=\"elementor-element elementor-element-eeab1af e-grid-align-left e-grid-align-mobile-center elementor-shape-rounded elementor-grid-0 elementor-widget elementor-widget-social-icons\" data-id=\"eeab1af\" data-element_type=\"widget\" data-widget_type=\"social-icons.default\">\n\t\t\t\t\t\t\t<div class=\"elementor-social-icons-wrapper elementor-grid\" role=\"list\">\n\t\t\t\t\t\t\t<span class=\"elementor-grid-item\" role=\"listitem\">\n\t\t\t\t\t<a class=\"elementor-icon elementor-social-icon elementor-social-icon-instagram elementor-repeater-item-e9775fc\" href=\"https:\/\/www.instagram.com\/imekmaquinas\/\" target=\"_blank\">\n\t\t\t\t\t\t<span class=\"elementor-screen-only\">Instagram<\/span>\n\t\t\t\t\t\t<i class=\"fab fa-instagram\"><\/i>\t\t\t\t\t<\/a>\n\t\t\t\t<\/span>\n\t\t\t\t\t\t\t<span class=\"elementor-grid-item\" role=\"listitem\">\n\t\t\t\t\t<a class=\"elementor-icon elementor-social-icon elementor-social-icon-linkedin elementor-repeater-item-bb4b3ef\" href=\"https:\/\/www.linkedin.com\/company\/imekmaquinas\/\" target=\"_blank\">\n\t\t\t\t\t\t<span class=\"elementor-screen-only\">Linkedin<\/span>\n\t\t\t\t\t\t<i class=\"fab fa-linkedin\"><\/i>\t\t\t\t\t<\/a>\n\t\t\t\t<\/span>\n\t\t\t\t\t\t\t<span class=\"elementor-grid-item\" role=\"listitem\">\n\t\t\t\t\t<a class=\"elementor-icon elementor-social-icon elementor-social-icon-youtube elementor-repeater-item-b32881d\" href=\"https:\/\/www.youtube.com\/@RotuladoraSleeve\" target=\"_blank\">\n\t\t\t\t\t\t<span class=\"elementor-screen-only\">Youtube<\/span>\n\t\t\t\t\t\t<i class=\"fab fa-youtube\"><\/i>\t\t\t\t\t<\/a>\n\t\t\t\t<\/span>\n\t\t\t\t\t<\/div>\n\t\t\t\t\t\t<\/div>\n\t\t\t\t\t<\/div>\n\t\t<\/div>\n\t\t\t\t\t<\/div>\n\t\t<\/section>\n\t\t\t\t<section class=\"elementor-section elementor-top-section elementor-element elementor-element-31c9255 elementor-hidden-desktop elementor-hidden-tablet elementor-hidden-mobile elementor-section-boxed elementor-section-height-default elementor-section-height-default\" data-id=\"31c9255\" data-element_type=\"section\">\n\t\t\t\t\t\t<div class=\"elementor-container elementor-column-gap-default\">\n\t\t\t\t\t<div class=\"elementor-column elementor-col-100 elementor-top-column elementor-element elementor-element-1c1706c\" data-id=\"1c1706c\" data-element_type=\"column\">\n\t\t\t<div class=\"elementor-widget-wrap elementor-element-populated\">\n\t\t\t\t\t\t<div class=\"elementor-element elementor-element-e9b0e06 elementor-widget elementor-widget-shortcode\" data-id=\"e9b0e06\" data-element_type=\"widget\" data-widget_type=\"shortcode.default\">\n\t\t\t\t\t\t\t<div class=\"elementor-shortcode\">\n<div class=\"wpcf7 no-js\" id=\"wpcf7-f1374-o1\" lang=\"en-US\" dir=\"ltr\" data-wpcf7-id=\"1374\">\n<div class=\"screen-reader-response\"><p role=\"status\" aria-live=\"polite\" aria-atomic=\"true\"><\/p> <ul><\/ul><\/div>\n<form action=\"\/index.php\/wp-json\/wp\/v2\/pages\/22#wpcf7-f1374-o1\" method=\"post\" class=\"wpcf7-form init\" aria-label=\"Contact form\" novalidate=\"novalidate\" data-status=\"init\">\n<fieldset class=\"hidden-fields-container\"><input type=\"hidden\" name=\"_wpcf7\" value=\"1374\" \/><input type=\"hidden\" name=\"_wpcf7_version\" value=\"6.1.1\" \/><input type=\"hidden\" name=\"_wpcf7_locale\" value=\"en_US\" \/><input type=\"hidden\" name=\"_wpcf7_unit_tag\" value=\"wpcf7-f1374-o1\" \/><input type=\"hidden\" name=\"_wpcf7_container_post\" value=\"0\" \/><input type=\"hidden\" name=\"_wpcf7_posted_data_hash\" value=\"\" \/>\n<\/fieldset>\n<div class=\"row\">\n   <div class=\"col-sm-6 col-xs-12\">\n     <span class=\"wpcf7-form-control-wrap\" data-name=\"your-name\"><input size=\"40\" maxlength=\"400\" class=\"wpcf7-form-control wpcf7-text wpcf7-validates-as-required\" aria-required=\"true\" aria-invalid=\"false\" placeholder=\"Seu Nome\" value=\"\" type=\"text\" name=\"your-name\" \/><\/span>\n   <\/div>\n   <div class=\"col-sm-6 col-xs-12\">\n     <span class=\"wpcf7-form-control-wrap\" data-name=\"your-phone\"><input size=\"40\" maxlength=\"400\" class=\"wpcf7-form-control wpcf7-text wpcf7-validates-as-required\" aria-required=\"true\" aria-invalid=\"false\" placeholder=\"Telefone\" value=\"\" type=\"text\" name=\"your-phone\" \/><\/span>\n   <\/div>\n<\/div>\n<div class=\"row\">\n   <div class=\"col-sm-6 col-xs-12\">\n      <span class=\"wpcf7-form-control-wrap\" data-name=\"your-email\"><input size=\"40\" maxlength=\"400\" class=\"wpcf7-form-control wpcf7-email wpcf7-validates-as-required wpcf7-text wpcf7-validates-as-email\" aria-required=\"true\" aria-invalid=\"false\" placeholder=\"Email\" value=\"\" type=\"email\" name=\"your-email\" \/><\/span>\n   <\/div>\n   <div class=\"col-sm-6 col-xs-12\">\n      <span class=\"wpcf7-form-control-wrap\" data-name=\"your-subject\"><input size=\"40\" maxlength=\"400\" class=\"wpcf7-form-control wpcf7-text\" aria-invalid=\"false\" placeholder=\"Assunto\" value=\"\" type=\"text\" name=\"your-subject\" \/><\/span>\n   <\/div>\n<\/div>\n<div class=\"row\">\n   <div class=\"col-sm-12 col-xs-12\">\n      <span class=\"wpcf7-form-control-wrap\" data-name=\"your-message\"><textarea cols=\"40\" rows=\"10\" maxlength=\"2000\" class=\"wpcf7-form-control wpcf7-textarea\" aria-invalid=\"false\" placeholder=\"Escreva sua Mensagem\" name=\"your-message\"><\/textarea><\/span>\n   <\/div>\n   <div class=\"col-sm-12 col-xs-12 action text-left\"><span class=\"form-action\"><input class=\"wpcf7-form-control wpcf7-submit has-spinner\" type=\"submit\" value=\"Enviar Mensagem\" \/><\/span><\/div>\n<\/div><div class=\"wpcf7-response-output\" aria-hidden=\"true\"><\/div>\n<\/form>\n<\/div>\n<\/div>\n\t\t\t\t\t\t<\/div>\n\t\t\t\t\t<\/div>\n\t\t<\/div>\n\t\t\t\t\t<\/div>\n\t\t<\/section>\n\t\t\t\t<\/div>\n\t\t","protected":false},"excerpt":{"rendered":"<p>CONTATO WHATSAPP +55 (14) 99114-2704 Pronto para elevar sua produtividade? Fale conosco hoje e pe\u00e7a seu or\u00e7amento sem compromisso ou agende uma demonstra\u00e7\u00e3o gratuita da nossa rotuladora sleeve! Instagram Linkedin [&hellip;]<\/p>\n","protected":false},"author":1,"featured_media":0,"parent":0,"menu_order":0,"comment_status":"closed","ping_status":"closed","template":"","meta":{"footnotes":""},"class_list":["post-22","page","type-page","status-publish","hentry"],"yoast_head":"<!-- This site is optimized with the Yoast SEO plugin v25.8 - https:\/\/yoast.com\/wordpress\/plugins\/seo\/ -->\n<title>Contato - Rotuladora Sleeve<\/title>\n<meta name=\"robots\" content=\"index, follow, max-snippet:-1, max-image-preview:large, max-video-preview:-1\" \/>\n<link rel=\"canonical\" href=\"https:\/\/rotuladorasleeve.com.br\/index.php\/contato\/\" \/>\n<meta property=\"og:locale\" content=\"pt_BR\" \/>\n<meta property=\"og:type\" content=\"article\" \/>\n<meta property=\"og:title\" content=\"Contato - Rotuladora Sleeve\" \/>\n<meta property=\"og:description\" content=\"CONTATO WHATSAPP +55 (14) 99114-2704 Pronto para elevar sua produtividade? Fale conosco hoje e pe\u00e7a seu or\u00e7amento sem compromisso ou agende uma demonstra\u00e7\u00e3o gratuita da nossa rotuladora sleeve! Instagram Linkedin [&hellip;]\" \/>\n<meta property=\"og:url\" content=\"https:\/\/rotuladorasleeve.com.br\/index.php\/contato\/\" \/>\n<meta property=\"og:site_name\" content=\"Rotuladora Sleeve\" \/>\n<meta property=\"article:modified_time\" content=\"2025-09-19T11:36:13+00:00\" \/>\n<meta property=\"og:image\" content=\"https:\/\/rotuladorasleeve.com.br\/wp-content\/uploads\/2025\/09\/rotuladora-sleeve-aplicadora-sleeve-tunel-de-encolhimento-sleeve-imek-1.jpg\" \/>\n\t<meta property=\"og:image:width\" content=\"1829\" \/>\n\t<meta property=\"og:image:height\" content=\"903\" \/>\n\t<meta property=\"og:image:type\" content=\"image\/jpeg\" \/>\n<meta name=\"twitter:card\" content=\"summary_large_image\" \/>\n<meta name=\"twitter:label1\" content=\"Est. tempo de leitura\" \/>\n\t<meta name=\"twitter:data1\" content=\"1 minuto\" \/>\n<script type=\"application\/ld+json\" class=\"yoast-schema-graph\">{\"@context\":\"https:\/\/schema.org\",\"@graph\":[{\"@type\":\"WebPage\",\"@id\":\"https:\/\/rotuladorasleeve.com.br\/index.php\/contato\/\",\"url\":\"https:\/\/rotuladorasleeve.com.br\/index.php\/contato\/\",\"name\":\"Contato - Rotuladora Sleeve\",\"isPartOf\":{\"@id\":\"https:\/\/rotuladorasleeve.com.br\/#website\"},\"primaryImageOfPage\":{\"@id\":\"https:\/\/rotuladorasleeve.com.br\/index.php\/contato\/#primaryimage\"},\"image\":{\"@id\":\"https:\/\/rotuladorasleeve.com.br\/index.php\/contato\/#primaryimage\"},\"thumbnailUrl\":\"https:\/\/rotuladorasleeve.com.br\/wp-content\/uploads\/2025\/09\/rotuladora-sleeve-aplicadora-sleeve-tunel-de-encolhimento-sleeve-imek-1.jpg\",\"datePublished\":\"2020-12-08T03:53:35+00:00\",\"dateModified\":\"2025-09-19T11:36:13+00:00\",\"breadcrumb\":{\"@id\":\"https:\/\/rotuladorasleeve.com.br\/index.php\/contato\/#breadcrumb\"},\"inLanguage\":\"pt-BR\",\"potentialAction\":[{\"@type\":\"ReadAction\",\"target\":[\"https:\/\/rotuladorasleeve.com.br\/index.php\/contato\/\"]}]},{\"@type\":\"ImageObject\",\"inLanguage\":\"pt-BR\",\"@id\":\"https:\/\/rotuladorasleeve.com.br\/index.php\/contato\/#primaryimage\",\"url\":\"https:\/\/rotuladorasleeve.com.br\/wp-content\/uploads\/2025\/09\/rotuladora-sleeve-aplicadora-sleeve-tunel-de-encolhimento-sleeve-imek-1.jpg\",\"contentUrl\":\"https:\/\/rotuladorasleeve.com.br\/wp-content\/uploads\/2025\/09\/rotuladora-sleeve-aplicadora-sleeve-tunel-de-encolhimento-sleeve-imek-1.jpg\",\"width\":1829,\"height\":903,\"caption\":\"Foto: IMEK\"},{\"@type\":\"BreadcrumbList\",\"@id\":\"https:\/\/rotuladorasleeve.com.br\/index.php\/contato\/#breadcrumb\",\"itemListElement\":[{\"@type\":\"ListItem\",\"position\":1,\"name\":\"In\u00edcio\",\"item\":\"https:\/\/rotuladorasleeve.com.br\/\"},{\"@type\":\"ListItem\",\"position\":2,\"name\":\"Contato\"}]},{\"@type\":\"WebSite\",\"@id\":\"https:\/\/rotuladorasleeve.com.br\/#website\",\"url\":\"https:\/\/rotuladorasleeve.com.br\/\",\"name\":\"Rotuladora Sleeve\",\"description\":\"Rotuladoras de sleeve, m\u00e1quinas para rotulagem sleeve\",\"publisher\":{\"@id\":\"https:\/\/rotuladorasleeve.com.br\/#organization\"},\"potentialAction\":[{\"@type\":\"SearchAction\",\"target\":{\"@type\":\"EntryPoint\",\"urlTemplate\":\"https:\/\/rotuladorasleeve.com.br\/?s={search_term_string}\"},\"query-input\":{\"@type\":\"PropertyValueSpecification\",\"valueRequired\":true,\"valueName\":\"search_term_string\"}}],\"inLanguage\":\"pt-BR\"},{\"@type\":\"Organization\",\"@id\":\"https:\/\/rotuladorasleeve.com.br\/#organization\",\"name\":\"Rotuladora Sleeve\",\"url\":\"https:\/\/rotuladorasleeve.com.br\/\",\"logo\":{\"@type\":\"ImageObject\",\"inLanguage\":\"pt-BR\",\"@id\":\"https:\/\/rotuladorasleeve.com.br\/#\/schema\/logo\/image\/\",\"url\":\"https:\/\/rotuladorasleeve.com.br\/wp-content\/uploads\/2025\/09\/logo-imek-maquinas.png\",\"contentUrl\":\"https:\/\/rotuladorasleeve.com.br\/wp-content\/uploads\/2025\/09\/logo-imek-maquinas.png\",\"width\":486,\"height\":139,\"caption\":\"Rotuladora Sleeve\"},\"image\":{\"@id\":\"https:\/\/rotuladorasleeve.com.br\/#\/schema\/logo\/image\/\"}}]}<\/script>\n<!-- \/ Yoast SEO plugin. -->","yoast_head_json":{"title":"Contato - Rotuladora Sleeve","robots":{"index":"index","follow":"follow","max-snippet":"max-snippet:-1","max-image-preview":"max-image-preview:large","max-video-preview":"max-video-preview:-1"},"canonical":"https:\/\/rotuladorasleeve.com.br\/index.php\/contato\/","og_locale":"pt_BR","og_type":"article","og_title":"Contato - Rotuladora Sleeve","og_description":"CONTATO WHATSAPP +55 (14) 99114-2704 Pronto para elevar sua produtividade? Fale conosco hoje e pe\u00e7a seu or\u00e7amento sem compromisso ou agende uma demonstra\u00e7\u00e3o gratuita da nossa rotuladora sleeve! Instagram Linkedin [&hellip;]","og_url":"https:\/\/rotuladorasleeve.com.br\/index.php\/contato\/","og_site_name":"Rotuladora Sleeve","article_modified_time":"2025-09-19T11:36:13+00:00","og_image":[{"width":1829,"height":903,"url":"https:\/\/rotuladorasleeve.com.br\/wp-content\/uploads\/2025\/09\/rotuladora-sleeve-aplicadora-sleeve-tunel-de-encolhimento-sleeve-imek-1.jpg","type":"image\/jpeg"}],"twitter_card":"summary_large_image","twitter_misc":{"Est. tempo de leitura":"1 minuto"},"schema":{"@context":"https:\/\/schema.org","@graph":[{"@type":"WebPage","@id":"https:\/\/rotuladorasleeve.com.br\/index.php\/contato\/","url":"https:\/\/rotuladorasleeve.com.br\/index.php\/contato\/","name":"Contato - Rotuladora Sleeve","isPartOf":{"@id":"https:\/\/rotuladorasleeve.com.br\/#website"},"primaryImageOfPage":{"@id":"https:\/\/rotuladorasleeve.com.br\/index.php\/contato\/#primaryimage"},"image":{"@id":"https:\/\/rotuladorasleeve.com.br\/index.php\/contato\/#primaryimage"},"thumbnailUrl":"https:\/\/rotuladorasleeve.com.br\/wp-content\/uploads\/2025\/09\/rotuladora-sleeve-aplicadora-sleeve-tunel-de-encolhimento-sleeve-imek-1.jpg","datePublished":"2020-12-08T03:53:35+00:00","dateModified":"2025-09-19T11:36:13+00:00","breadcrumb":{"@id":"https:\/\/rotuladorasleeve.com.br\/index.php\/contato\/#breadcrumb"},"inLanguage":"pt-BR","potentialAction":[{"@type":"ReadAction","target":["https:\/\/rotuladorasleeve.com.br\/index.php\/contato\/"]}]},{"@type":"ImageObject","inLanguage":"pt-BR","@id":"https:\/\/rotuladorasleeve.com.br\/index.php\/contato\/#primaryimage","url":"https:\/\/rotuladorasleeve.com.br\/wp-content\/uploads\/2025\/09\/rotuladora-sleeve-aplicadora-sleeve-tunel-de-encolhimento-sleeve-imek-1.jpg","contentUrl":"https:\/\/rotuladorasleeve.com.br\/wp-content\/uploads\/2025\/09\/rotuladora-sleeve-aplicadora-sleeve-tunel-de-encolhimento-sleeve-imek-1.jpg","width":1829,"height":903,"caption":"Foto: IMEK"},{"@type":"BreadcrumbList","@id":"https:\/\/rotuladorasleeve.com.br\/index.php\/contato\/#breadcrumb","itemListElement":[{"@type":"ListItem","position":1,"name":"In\u00edcio","item":"https:\/\/rotuladorasleeve.com.br\/"},{"@type":"ListItem","position":2,"name":"Contato"}]},{"@type":"WebSite","@id":"https:\/\/rotuladorasleeve.com.br\/#website","url":"https:\/\/rotuladorasleeve.com.br\/","name":"Rotuladora Sleeve","description":"Rotuladoras de sleeve, m\u00e1quinas para rotulagem sleeve","publisher":{"@id":"https:\/\/rotuladorasleeve.com.br\/#organization"},"potentialAction":[{"@type":"SearchAction","target":{"@type":"EntryPoint","urlTemplate":"https:\/\/rotuladorasleeve.com.br\/?s={search_term_string}"},"query-input":{"@type":"PropertyValueSpecification","valueRequired":true,"valueName":"search_term_string"}}],"inLanguage":"pt-BR"},{"@type":"Organization","@id":"https:\/\/rotuladorasleeve.com.br\/#organization","name":"Rotuladora Sleeve","url":"https:\/\/rotuladorasleeve.com.br\/","logo":{"@type":"ImageObject","inLanguage":"pt-BR","@id":"https:\/\/rotuladorasleeve.com.br\/#\/schema\/logo\/image\/","url":"https:\/\/rotuladorasleeve.com.br\/wp-content\/uploads\/2025\/09\/logo-imek-maquinas.png","contentUrl":"https:\/\/rotuladorasleeve.com.br\/wp-content\/uploads\/2025\/09\/logo-imek-maquinas.png","width":486,"height":139,"caption":"Rotuladora Sleeve"},"image":{"@id":"https:\/\/rotuladorasleeve.com.br\/#\/schema\/logo\/image\/"}}]}},"_links":{"self":[{"href":"https:\/\/rotuladorasleeve.com.br\/index.php\/wp-json\/wp\/v2\/pages\/22","targetHints":{"allow":["GET"]}}],"collection":[{"href":"https:\/\/rotuladorasleeve.com.br\/index.php\/wp-json\/wp\/v2\/pages"}],"about":[{"href":"https:\/\/rotuladorasleeve.com.br\/index.php\/wp-json\/wp\/v2\/types\/page"}],"author":[{"embeddable":true,"href":"https:\/\/rotuladorasleeve.com.br\/index.php\/wp-json\/wp\/v2\/users\/1"}],"replies":[{"embeddable":true,"href":"https:\/\/rotuladorasleeve.com.br\/index.php\/wp-json\/wp\/v2\/comments?post=22"}],"version-history":[{"count":37,"href":"https:\/\/rotuladorasleeve.com.br\/index.php\/wp-json\/wp\/v2\/pages\/22\/revisions"}],"predecessor-version":[{"id":2008,"href":"https:\/\/rotuladorasleeve.com.br\/index.php\/wp-json\/wp\/v2\/pages\/22\/revisions\/2008"}],"wp:attachment":[{"href":"https:\/\/rotuladorasleeve.com.br\/index.php\/wp-json\/wp\/v2\/media?parent=22"}],"curies":[{"name":"wp","href":"https:\/\/api.w.org\/{rel}","templated":true}]}}